{"id":116,"date":"2025-09-20T12:35:02","date_gmt":"2025-09-20T11:35:02","guid":{"rendered":"https:\/\/www.svp-matten.ch\/httpdocs\/?page_id=116"},"modified":"2025-11-05T18:38:25","modified_gmt":"2025-11-05T17:38:25","slug":"home-2","status":"publish","type":"page","link":"https:\/\/www.svp-matten.ch\/","title":{"rendered":""},"content":{"rendered":"\n<div class=\"wp-block-uagb-container uagb-block-474c825a alignfull uagb-is-root-container\"><div class=\"uagb-container-inner-blocks-wrap\">\n<p class=\"has-text-align-center has-medium-font-size\"><strong><span style=\"color: var(--theme-palette-color-8, #ffffff);background-color: #00000082\" class=\"stk-highlight\">Die SVP in Matten<\/span><\/strong><\/p>\n\n\n\n<p class=\"has-text-align-center has-palette-color-3-color has-text-color has-medium-font-size\"><span style=\"color: var(--theme-palette-color-8, #ffffff);background-color: #00000082\" class=\"stk-highlight\">Hat eine lange Tradition. F\u00fcr uns ist die Gemeinde Matten eine Herzensangelegenheit. F\u00fcr eine lebenswerte Gemeinde in einer ausserordentlich sch\u00f6nen Region stehen wir ein<\/span>.<\/p>\n\n\n\n<p class=\"has-text-align-center has-palette-color-3-color has-text-color has-link-color has-medium-font-size wp-elements-b88df103ad7424d7de5196408d31f8b2\"><span style=\"color: var(--theme-palette-color-8, #ffffff);background-color: #00000082\" class=\"stk-highlight\"><strong>Die SVP steht f\u00fcr<\/strong><\/span><\/p>\n\n\n\n<ul class=\"wp-block-list\">\n<li class=\"has-medium-font-size\"><span style=\"color: var(--theme-palette-color-8, #ffffff);background-color: #00000082\" class=\"stk-highlight\">eine eigenst\u00e4ndige Gemeinde Matten<\/span><\/li>\n\n\n\n<li class=\"has-medium-font-size\"><span style=\"color: var(--theme-palette-color-8, #ffffff);background-color: #00000082\" class=\"stk-highlight\">Gute Rahmenbedingungen f\u00fcr Gewerbe, Landwirtschaft und Tourismus<\/span><\/li>\n\n\n\n<li class=\"has-medium-font-size\"><span style=\"color: var(--theme-palette-color-8, #ffffff);background-color: #00000082\" class=\"stk-highlight\">die F\u00f6rderung von neuen Ideen im Gewerbe, Tourismus, Kultur + Vereinsleben <\/span><\/li>\n\n\n\n<li class=\"has-medium-font-size\"><span style=\"color: var(--theme-palette-color-8, #ffffff);background-color: #00000082\" class=\"stk-highlight\">ein vielf\u00e4ltiges Bildungsangebot f\u00fcr unsere Kinder und Jugendlichen<\/span><\/li>\n\n\n\n<li class=\"has-medium-font-size\"><span style=\"color: var(--theme-palette-color-8, #ffffff);background-color: #00000082\" class=\"stk-highlight\">eine sichere Wohngemeinde<\/span><\/li>\n\n\n\n<li class=\"has-medium-font-size\"><span style=\"color: var(--theme-palette-color-8, #ffffff);background-color: #00000082\" class=\"stk-highlight\">eine gerechte Sozialpolitik und gegen Sozialmissbrauch <\/span><\/li>\n\n\n\n<li class=\"has-medium-font-size\"><span style=\"color: var(--theme-palette-color-8, #ffffff);background-color: #00000082\" class=\"stk-highlight\">Gesunde Gemeindefinanzen ohne Steuer- und Geb\u00fchrenerh\u00f6hungen <\/span><\/li>\n\n\n\n<li class=\"has-medium-font-size\"><span style=\"color: var(--theme-palette-color-8, #ffffff);background-color: #00000082\" class=\"stk-highlight\">eine vern\u00fcnftige Verkehrspolitikein <\/span><\/li>\n\n\n\n<li class=\"has-medium-font-size\"><span style=\"color: var(--theme-palette-color-8, #ffffff);background-color: #00000082\" class=\"stk-highlight\">eine sinnvolle Zusammenarbeit mit allen B\u00f6deligemeinden<\/span><\/li>\n\n\n\n<li class=\"has-medium-font-size\"><span style=\"color: var(--theme-palette-color-8, #ffffff);background-color: #00000082\" class=\"stk-highlight\">eine selbstbewusstes und kritisches Engagement in der Regionalkonferenz<\/span><\/li>\n<\/ul>\n<\/div><\/div>\n\n\n\n<div class=\"wp-block-uagb-container uagb-block-179a4875 alignfull uagb-is-root-container\"><div class=\"uagb-container-inner-blocks-wrap\">\n<div class=\"wp-block-uagb-container uagb-block-3cec3ab0\">\n<p>\u00dcber uns<\/p>\n\n\n\n<p><strong>Die SVP Matten ist eine aktive b\u00fcrgerliche Partei.&nbsp;<\/strong>Ihre Mitglieder engagieren sich im Gemeinderat und in Kommissionen oder vertreten die Gemeinde als Delegierte in verschiedensten Aufgabenbereichen. Parteiversammlungen und weitere Veranstaltungen dienen der politischen Meinungsbildung.<\/p>\n\n\n\n<p><strong>F\u00fcr die SVP Matten stehen das Gesamtinteresse der Gemeinde und das Wohl aller Mattnerinnen und Mattner im Vordergrund.<\/strong><\/p>\n\n\n\n<p>Deshalb setzt sich die SVP Matten ein<\/p>\n\n\n\n<p>1. f\u00fcr Lebensqualit\u00e4t,<\/p>\n\n\n\n<p>2. f\u00fcr wirtschaftliches Wachstum,<\/p>\n\n\n\n<p>3. f\u00fcr den Erhalt des typischen Dorf-Charakters<\/p>\n\n\n\n<p>Die SVP Matten \u00fcbernimmt Verantwortung.<\/p>\n\n\n\n<p>Die Schweizerische Volkspartei verf\u00fcgt gesamtschweizerisch \u00fcber rund 85&#8217;000 Mitglieder. Etwa ein F\u00fcnftel davon stammt aus der Land- und Forstwirtschaft, ein weiterer F\u00fcnftel aus den freien Berufen (Gewerbe, \u00c4rzte, Juristen etc.). Die restlichen drei F\u00fcnftel der Mitglieder sind zu den Arbeitnehmern (Angestellte, Arbeiter, Beamte, Lehrer etc.) zu z\u00e4hlen. Die SVP verf\u00fcgt damit im Vergleich zu allen \u00fcbrigen Parteien \u00fcber die wohl breiteste und ausgewogenste Zusammensetzung.&nbsp;<\/p>\n\n\n\n<p>Ein \u00fcberaus starkes W\u00e4hlersegment stellen die j\u00fcngeren Generationen. Die SVP kann somit durchaus als echte, moderne Volkspartei bezeichnet werden.<\/p>\n<\/div>\n<\/div><\/div>\n\n\n\n<div class=\"wp-block-uagb-container uagb-block-f6546cfa alignfull uagb-is-root-container\"><div class=\"uagb-container-inner-blocks-wrap\">\n<h2 class=\"wp-block-heading\">Legislatur 2022 &#8211; 2025<\/h2>\n\n\n\n<p><strong>Gemeinder\u00e4te SVP-Matten<\/strong><\/p>\n\n\n\n<div class=\"wp-block-media-text is-stacked-on-mobile\" style=\"grid-template-columns:25% auto\"><figure class=\"wp-block-media-text__media\"><img fetchpriority=\"high\" decoding=\"async\" width=\"200\" height=\"258\" src=\"https:\/\/www.svp-matten.ch\/wp-content\/uploads\/2025\/09\/von-allmen-andreas_med.jpeg\" alt=\"\" class=\"wp-image-30 size-full\"\/><\/figure><div class=\"wp-block-media-text__content\">\n<p><strong>Andreas von Allmen<br><\/strong>Ressort Wirtschaft, Tourismus und Kultur<\/p>\n<\/div><\/div>\n\n\n\n<div class=\"wp-block-media-text is-stacked-on-mobile\" style=\"grid-template-columns:25% auto\"><figure class=\"wp-block-media-text__media\"><img decoding=\"async\" width=\"198\" height=\"255\" src=\"https:\/\/www.svp-matten.ch\/wp-content\/uploads\/2025\/09\/jorns-walter-2_med.jpeg\" alt=\"\" class=\"wp-image-32 size-full\"\/><\/figure><div class=\"wp-block-media-text__content\">\n<p><strong>Walter Jorns<br><\/strong>Ressort Finanzen und Steuern<\/p>\n<\/div><\/div>\n\n\n\n<div class=\"wp-block-media-text is-stacked-on-mobile\" style=\"grid-template-columns:25% auto\"><figure class=\"wp-block-media-text__media\"><img decoding=\"async\" width=\"286\" height=\"305\" src=\"https:\/\/www.svp-matten.ch\/wp-content\/uploads\/2025\/09\/Screenshot-2025-09-21-081148.png\" alt=\"\" class=\"wp-image-162 size-full\" srcset=\"https:\/\/www.svp-matten.ch\/wp-content\/uploads\/2025\/09\/Screenshot-2025-09-21-081148.png 286w, https:\/\/www.svp-matten.ch\/wp-content\/uploads\/2025\/09\/Screenshot-2025-09-21-081148-281x300.png 281w\" sizes=\"(max-width: 286px) 100vw, 286px\" \/><\/figure><div class=\"wp-block-media-text__content\">\n<p><strong>Armin Grossniklaus<br><\/strong>Ressort Bau<\/p>\n<\/div><\/div>\n\n\n\n<h2 class=\"wp-block-heading\">Kommissionsmitglieder SVP-Matten<\/h2>\n\n\n\n<div class=\"wp-block-media-text is-stacked-on-mobile\" style=\"grid-template-columns:25% auto\"><figure class=\"wp-block-media-text__media\"><img loading=\"lazy\" decoding=\"async\" width=\"195\" height=\"242\" src=\"https:\/\/www.svp-matten.ch\/wp-content\/uploads\/2025\/09\/gosteli-nando_med.jpeg\" alt=\"\" class=\"wp-image-34 size-full\"\/><\/figure><div class=\"wp-block-media-text__content\">\n<p><strong>Nando Gosteli<br><\/strong>Baukommission<\/p>\n<\/div><\/div>\n\n\n\n<div class=\"wp-block-media-text is-stacked-on-mobile\" style=\"grid-template-columns:25% auto\"><figure class=\"wp-block-media-text__media\"><img loading=\"lazy\" decoding=\"async\" width=\"179\" height=\"193\" src=\"https:\/\/www.svp-matten.ch\/wp-content\/uploads\/2025\/09\/gottfried-balli_med.png\" alt=\"\" class=\"wp-image-35 size-full\"\/><\/figure><div class=\"wp-block-media-text__content\">\n<p><strong>Gottfried Balli<br><\/strong>Baukommission<\/p>\n<\/div><\/div>\n\n\n\n<div class=\"wp-block-media-text is-stacked-on-mobile\" style=\"grid-template-columns:25% auto\"><figure class=\"wp-block-media-text__media\"><img loading=\"lazy\" decoding=\"async\" width=\"181\" height=\"227\" src=\"https:\/\/www.svp-matten.ch\/wp-content\/uploads\/2025\/09\/spahni-barbara_med.jpeg\" alt=\"\" class=\"wp-image-36 size-full\"\/><\/figure><div class=\"wp-block-media-text__content\">\n<p><strong>Barbara Spahni<br><\/strong>Sicherheitskommission<\/p>\n\n\n\n<p><\/p>\n<\/div><\/div>\n\n\n\n<div class=\"wp-block-media-text is-stacked-on-mobile\" style=\"grid-template-columns:25% auto\"><figure class=\"wp-block-media-text__media\"><img loading=\"lazy\" decoding=\"async\" width=\"183\" height=\"183\" src=\"https:\/\/www.svp-matten.ch\/wp-content\/uploads\/2025\/09\/von-allmen-christof_med.jpeg\" alt=\"\" class=\"wp-image-37 size-full\" srcset=\"https:\/\/www.svp-matten.ch\/wp-content\/uploads\/2025\/09\/von-allmen-christof_med.jpeg 183w, https:\/\/www.svp-matten.ch\/wp-content\/uploads\/2025\/09\/von-allmen-christof_med-150x150.jpeg 150w\" sizes=\"(max-width: 183px) 100vw, 183px\" \/><\/figure><div class=\"wp-block-media-text__content\">\n<p><strong>Christof von Allmen<br><\/strong>Sicherheitskommission<\/p>\n<\/div><\/div>\n\n\n\n<div class=\"wp-block-media-text is-stacked-on-mobile\" style=\"grid-template-columns:25% auto\"><figure class=\"wp-block-media-text__media\"><img loading=\"lazy\" decoding=\"async\" width=\"93\" height=\"139\" src=\"https:\/\/www.svp-matten.ch\/wp-content\/uploads\/2025\/09\/walti-robert_med.jpeg\" alt=\"\" class=\"wp-image-38 size-full\"\/><\/figure><div class=\"wp-block-media-text__content\">\n<p><strong>Robert W\u00e4lti<\/strong><br>Kommission f\u00fcr Wirtschaft,<br>Tourismus und Kultur<\/p>\n<\/div><\/div>\n\n\n\n<div class=\"wp-block-media-text is-stacked-on-mobile\" style=\"grid-template-columns:25% auto\"><figure class=\"wp-block-media-text__media\"><img loading=\"lazy\" decoding=\"async\" width=\"91\" height=\"123\" src=\"https:\/\/www.svp-matten.ch\/wp-content\/uploads\/2025\/09\/fluck-sandra_med.jpeg\" alt=\"\" class=\"wp-image-39 size-full\"\/><\/figure><div class=\"wp-block-media-text__content\">\n<p><strong>Sandra Fl\u00fcck<\/strong><br>Kommission f\u00fcr Wirtschaft,<br>Tourismus und Kultur<\/p>\n<\/div><\/div>\n\n\n\n<div class=\"wp-block-media-text is-stacked-on-mobile\" style=\"grid-template-columns:25% auto\"><figure class=\"wp-block-media-text__media\"><img loading=\"lazy\" decoding=\"async\" width=\"179\" height=\"247\" src=\"https:\/\/www.svp-matten.ch\/wp-content\/uploads\/2025\/09\/von-allmen-franziska_med.jpeg\" alt=\"\" class=\"wp-image-40 size-full\"\/><\/figure><div class=\"wp-block-media-text__content\">\n<p><strong>Franziska von Allmen<\/strong><br>Kommission f\u00fcr Bildung<br>und Soziales<\/p>\n<\/div><\/div>\n\n\n\n<div class=\"wp-block-media-text is-stacked-on-mobile\" style=\"grid-template-columns:25% auto\"><figure class=\"wp-block-media-text__media\"><img loading=\"lazy\" decoding=\"async\" width=\"178\" height=\"236\" src=\"https:\/\/www.svp-matten.ch\/wp-content\/uploads\/2025\/09\/wolf-ueli_med.jpeg\" alt=\"\" class=\"wp-image-41 size-full\"\/><\/figure><div class=\"wp-block-media-text__content\">\n<p><strong>Ueli Wolf<\/strong><br>Kommission f\u00fcr Bildung<br>und Soziales<\/p>\n<\/div><\/div>\n\n\n\n<div class=\"wp-block-media-text is-stacked-on-mobile\" style=\"grid-template-columns:25% auto\"><figure class=\"wp-block-media-text__media\"><img loading=\"lazy\" decoding=\"async\" width=\"121\" height=\"182\" src=\"https:\/\/www.svp-matten.ch\/wp-content\/uploads\/2025\/09\/christen-friedrich_med.jpeg\" alt=\"\" class=\"wp-image-42 size-full\"\/><\/figure><div class=\"wp-block-media-text__content\">\n<p><strong>Friedrich Christen<\/strong><br>Gesch\u00e4ftspr\u00fcfungskommission<\/p>\n<\/div><\/div>\n<\/div><\/div>\n\n\n\n<div class=\"wp-block-uagb-container uagb-block-50bd9076 alignfull uagb-is-root-container\"><div class=\"uagb-container-inner-blocks-wrap\">\n<div class=\"wp-block-uagb-container uagb-block-5cf82bba\">\n<p><strong>Der Vorstand<\/strong><\/p>\n\n\n\n<p><strong>Zwahlen Brigitte,&nbsp;<\/strong>Pr\u00e4sidentin, Mobil 076 535 43 17, Mail zibis22 (at) gmail.com<\/p>\n\n\n\n<p><strong>Gertsch Reinhard,&nbsp;<\/strong>Protokollf\u00fchrer, Mobil 079 913 94 34, Mail reinhard.gertsch (at) gmail.com<\/p>\n\n\n\n<p><strong>Gosteli Nando,<\/strong>&nbsp;Kassier\/Sekret\u00e4r, Tel. 033 822 20 58, Mobil 078 713 01 01, Mail nando.gosteli (at) gmail.com<\/p>\n\n\n\n<p><strong>Spahni Barbara,&nbsp;<\/strong>Tel. 033 823 35 49, Mobil 079 796 06 87, Mail barbara.spahni (at) gmx.ch<\/p>\n\n\n\n<p><strong>Ritschard Matthias,&nbsp;<\/strong>Mobil 079 422 64 79, Mail matthias (at) ritschards.ch<\/p>\n\n\n\n<p><strong>Christen Fritz,&nbsp;<\/strong>Mobil 079 728 13 72, Mail f.christen2 (at) bluewin.ch<\/p>\n\n\n\n<p><strong>von Allmen Andreas,&nbsp;<\/strong>Gemeinderat, Tel. 033 822 87 88, Mobil 079 691 48 93, Mail res (at) htiag.ch<\/p>\n\n\n\n<p><strong>Jorns Walter,&nbsp;<\/strong>Gemeinderat, Tel. 033 823 68 36, Mobil 079 652 64 37, Mail walter.jorns (at) bluewin.ch<\/p>\n\n\n\n<p><strong>Armin Grossniklaus,&nbsp;<\/strong>Gemeinderat, Mobil 079 362 19 18<\/p>\n\n\n\n<p><strong>Postadresse:&nbsp;<\/strong>SVP Matten, Herzigg\u00e4ssli 7, 3800 Matten bei Interlaken<\/p>\n\n\n\n<p>Stand: 2025<\/p>\n<\/div>\n<\/div><\/div>\n","protected":false},"excerpt":{"rendered":"<p>Die SVP in Matten Hat eine lange Tradition. F\u00fcr uns ist die Gemeinde Matten eine Herzensangelegenheit. F\u00fcr eine lebenswerte Gemeinde in einer ausserordentlich sch\u00f6nen Region stehen wir ein. Die SVP steht f\u00fcr \u00dcber uns Die SVP Matten ist eine aktive b\u00fcrgerliche Partei.&nbsp;Ihre Mitglieder engagieren sich im Gemeinderat und in Kommissionen oder vertreten die Gemeinde als [&hellip;]<\/p>\n","protected":false},"author":2,"featured_media":0,"parent":0,"menu_order":0,"comment_status":"closed","ping_status":"closed","template":"brizy-blank-template.php","meta":{"_uag_custom_page_level_css":"","footnotes":""},"class_list":["post-116","page","type-page","status-publish","hentry"],"blocksy_meta":[],"yoast_head":"<!-- This site is optimized with the Yoast SEO plugin v27.5 - https:\/\/yoast.com\/product\/yoast-seo-wordpress\/ -->\n<title>- SVP Matten<\/title>\n<meta name=\"robots\" content=\"index, follow, max-snippet:-1, max-image-preview:large, max-video-preview:-1\" \/>\n<link rel=\"canonical\" href=\"https:\/\/www.svp-matten.ch\/\" \/>\n<meta property=\"og:locale\" content=\"de_DE\" \/>\n<meta property=\"og:type\" content=\"article\" \/>\n<meta property=\"og:title\" content=\"- SVP Matten\" \/>\n<meta property=\"og:description\" content=\"Die SVP in Matten Hat eine lange Tradition. F\u00fcr uns ist die Gemeinde Matten eine Herzensangelegenheit. F\u00fcr eine lebenswerte Gemeinde in einer ausserordentlich sch\u00f6nen Region stehen wir ein. Die SVP steht f\u00fcr \u00dcber uns Die SVP Matten ist eine aktive b\u00fcrgerliche Partei.&nbsp;Ihre Mitglieder engagieren sich im Gemeinderat und in Kommissionen oder vertreten die Gemeinde als [&hellip;]\" \/>\n<meta property=\"og:url\" content=\"https:\/\/www.svp-matten.ch\/\" \/>\n<meta property=\"og:site_name\" content=\"SVP Matten\" \/>\n<meta property=\"article:modified_time\" content=\"2025-11-05T17:38:25+00:00\" \/>\n<meta property=\"og:image\" content=\"https:\/\/www.svp-matten.ch\/wp-content\/uploads\/2025\/09\/von-allmen-andreas_med.jpeg\" \/>\n\t<meta property=\"og:image:width\" content=\"200\" \/>\n\t<meta property=\"og:image:height\" content=\"258\" \/>\n\t<meta property=\"og:image:type\" content=\"image\/jpeg\" \/>\n<meta name=\"twitter:card\" content=\"summary_large_image\" \/>\n<meta name=\"twitter:label1\" content=\"Gesch\u00e4tzte Lesezeit\" \/>\n\t<meta name=\"twitter:data1\" content=\"5\u00a0Minuten\" \/>\n<script type=\"application\/ld+json\" class=\"yoast-schema-graph\">{\"@context\":\"https:\\\/\\\/schema.org\",\"@graph\":[{\"@type\":\"WebPage\",\"@id\":\"https:\\\/\\\/www.svp-matten.ch\\\/\",\"url\":\"https:\\\/\\\/www.svp-matten.ch\\\/\",\"name\":\"- SVP Matten\",\"isPartOf\":{\"@id\":\"https:\\\/\\\/www.svp-matten.ch\\\/#website\"},\"primaryImageOfPage\":{\"@id\":\"https:\\\/\\\/www.svp-matten.ch\\\/#primaryimage\"},\"image\":{\"@id\":\"https:\\\/\\\/www.svp-matten.ch\\\/#primaryimage\"},\"thumbnailUrl\":\"https:\\\/\\\/www.svp-matten.ch\\\/wp-content\\\/uploads\\\/2025\\\/09\\\/von-allmen-andreas_med.jpeg\",\"datePublished\":\"2025-09-20T11:35:02+00:00\",\"dateModified\":\"2025-11-05T17:38:25+00:00\",\"inLanguage\":\"de\",\"potentialAction\":[{\"@type\":\"ReadAction\",\"target\":[\"https:\\\/\\\/www.svp-matten.ch\\\/\"]}]},{\"@type\":\"ImageObject\",\"inLanguage\":\"de\",\"@id\":\"https:\\\/\\\/www.svp-matten.ch\\\/#primaryimage\",\"url\":\"https:\\\/\\\/www.svp-matten.ch\\\/wp-content\\\/uploads\\\/2025\\\/09\\\/von-allmen-andreas_med.jpeg\",\"contentUrl\":\"https:\\\/\\\/www.svp-matten.ch\\\/wp-content\\\/uploads\\\/2025\\\/09\\\/von-allmen-andreas_med.jpeg\",\"width\":200,\"height\":258},{\"@type\":\"WebSite\",\"@id\":\"https:\\\/\\\/www.svp-matten.ch\\\/#website\",\"url\":\"https:\\\/\\\/www.svp-matten.ch\\\/\",\"name\":\"SVP Matten\",\"description\":\"Schweizerische Volkspartei\",\"publisher\":{\"@id\":\"https:\\\/\\\/www.svp-matten.ch\\\/#organization\"},\"potentialAction\":[{\"@type\":\"SearchAction\",\"target\":{\"@type\":\"EntryPoint\",\"urlTemplate\":\"https:\\\/\\\/www.svp-matten.ch\\\/?s={search_term_string}\"},\"query-input\":{\"@type\":\"PropertyValueSpecification\",\"valueRequired\":true,\"valueName\":\"search_term_string\"}}],\"inLanguage\":\"de\"},{\"@type\":\"Organization\",\"@id\":\"https:\\\/\\\/www.svp-matten.ch\\\/#organization\",\"name\":\"SVP Matten\",\"url\":\"https:\\\/\\\/www.svp-matten.ch\\\/\",\"logo\":{\"@type\":\"ImageObject\",\"inLanguage\":\"de\",\"@id\":\"https:\\\/\\\/www.svp-matten.ch\\\/#\\\/schema\\\/logo\\\/image\\\/\",\"url\":\"https:\\\/\\\/www.svp-matten.ch\\\/wp-content\\\/uploads\\\/2025\\\/09\\\/svp-matten-ohne-webseite_med.png\",\"contentUrl\":\"https:\\\/\\\/www.svp-matten.ch\\\/wp-content\\\/uploads\\\/2025\\\/09\\\/svp-matten-ohne-webseite_med.png\",\"width\":200,\"height\":143,\"caption\":\"SVP Matten\"},\"image\":{\"@id\":\"https:\\\/\\\/www.svp-matten.ch\\\/#\\\/schema\\\/logo\\\/image\\\/\"}}]}<\/script>\n<!-- \/ Yoast SEO plugin. -->","yoast_head_json":{"title":"- SVP Matten","robots":{"index":"index","follow":"follow","max-snippet":"max-snippet:-1","max-image-preview":"max-image-preview:large","max-video-preview":"max-video-preview:-1"},"canonical":"https:\/\/www.svp-matten.ch\/","og_locale":"de_DE","og_type":"article","og_title":"- SVP Matten","og_description":"Die SVP in Matten Hat eine lange Tradition. F\u00fcr uns ist die Gemeinde Matten eine Herzensangelegenheit. F\u00fcr eine lebenswerte Gemeinde in einer ausserordentlich sch\u00f6nen Region stehen wir ein. Die SVP steht f\u00fcr \u00dcber uns Die SVP Matten ist eine aktive b\u00fcrgerliche Partei.&nbsp;Ihre Mitglieder engagieren sich im Gemeinderat und in Kommissionen oder vertreten die Gemeinde als [&hellip;]","og_url":"https:\/\/www.svp-matten.ch\/","og_site_name":"SVP Matten","article_modified_time":"2025-11-05T17:38:25+00:00","og_image":[{"width":200,"height":258,"url":"https:\/\/www.svp-matten.ch\/wp-content\/uploads\/2025\/09\/von-allmen-andreas_med.jpeg","type":"image\/jpeg"}],"twitter_card":"summary_large_image","twitter_misc":{"Gesch\u00e4tzte Lesezeit":"5\u00a0Minuten"},"schema":{"@context":"https:\/\/schema.org","@graph":[{"@type":"WebPage","@id":"https:\/\/www.svp-matten.ch\/","url":"https:\/\/www.svp-matten.ch\/","name":"- SVP Matten","isPartOf":{"@id":"https:\/\/www.svp-matten.ch\/#website"},"primaryImageOfPage":{"@id":"https:\/\/www.svp-matten.ch\/#primaryimage"},"image":{"@id":"https:\/\/www.svp-matten.ch\/#primaryimage"},"thumbnailUrl":"https:\/\/www.svp-matten.ch\/wp-content\/uploads\/2025\/09\/von-allmen-andreas_med.jpeg","datePublished":"2025-09-20T11:35:02+00:00","dateModified":"2025-11-05T17:38:25+00:00","inLanguage":"de","potentialAction":[{"@type":"ReadAction","target":["https:\/\/www.svp-matten.ch\/"]}]},{"@type":"ImageObject","inLanguage":"de","@id":"https:\/\/www.svp-matten.ch\/#primaryimage","url":"https:\/\/www.svp-matten.ch\/wp-content\/uploads\/2025\/09\/von-allmen-andreas_med.jpeg","contentUrl":"https:\/\/www.svp-matten.ch\/wp-content\/uploads\/2025\/09\/von-allmen-andreas_med.jpeg","width":200,"height":258},{"@type":"WebSite","@id":"https:\/\/www.svp-matten.ch\/#website","url":"https:\/\/www.svp-matten.ch\/","name":"SVP Matten","description":"Schweizerische Volkspartei","publisher":{"@id":"https:\/\/www.svp-matten.ch\/#organization"},"potentialAction":[{"@type":"SearchAction","target":{"@type":"EntryPoint","urlTemplate":"https:\/\/www.svp-matten.ch\/?s={search_term_string}"},"query-input":{"@type":"PropertyValueSpecification","valueRequired":true,"valueName":"search_term_string"}}],"inLanguage":"de"},{"@type":"Organization","@id":"https:\/\/www.svp-matten.ch\/#organization","name":"SVP Matten","url":"https:\/\/www.svp-matten.ch\/","logo":{"@type":"ImageObject","inLanguage":"de","@id":"https:\/\/www.svp-matten.ch\/#\/schema\/logo\/image\/","url":"https:\/\/www.svp-matten.ch\/wp-content\/uploads\/2025\/09\/svp-matten-ohne-webseite_med.png","contentUrl":"https:\/\/www.svp-matten.ch\/wp-content\/uploads\/2025\/09\/svp-matten-ohne-webseite_med.png","width":200,"height":143,"caption":"SVP Matten"},"image":{"@id":"https:\/\/www.svp-matten.ch\/#\/schema\/logo\/image\/"}}]}},"uagb_featured_image_src":{"full":false,"thumbnail":false,"medium":false,"medium_large":false,"large":false,"1536x1536":false,"2048x2048":false},"uagb_author_info":{"display_name":"admin","author_link":"https:\/\/www.svp-matten.ch\/index.php\/author\/admin\/"},"uagb_comment_info":0,"uagb_excerpt":"Die SVP in Matten Hat eine lange Tradition. F\u00fcr uns ist die Gemeinde Matten eine Herzensangelegenheit. F\u00fcr eine lebenswerte Gemeinde in einer ausserordentlich sch\u00f6nen Region stehen wir ein. Die SVP steht f\u00fcr \u00dcber uns Die SVP Matten ist eine aktive b\u00fcrgerliche Partei.&nbsp;Ihre Mitglieder engagieren sich im Gemeinderat und in Kommissionen oder vertreten die Gemeinde als&hellip;","_links":{"self":[{"href":"https:\/\/www.svp-matten.ch\/index.php\/wp-json\/wp\/v2\/pages\/116","targetHints":{"allow":["GET"]}}],"collection":[{"href":"https:\/\/www.svp-matten.ch\/index.php\/wp-json\/wp\/v2\/pages"}],"about":[{"href":"https:\/\/www.svp-matten.ch\/index.php\/wp-json\/wp\/v2\/types\/page"}],"author":[{"embeddable":true,"href":"https:\/\/www.svp-matten.ch\/index.php\/wp-json\/wp\/v2\/users\/2"}],"replies":[{"embeddable":true,"href":"https:\/\/www.svp-matten.ch\/index.php\/wp-json\/wp\/v2\/comments?post=116"}],"version-history":[{"count":74,"href":"https:\/\/www.svp-matten.ch\/index.php\/wp-json\/wp\/v2\/pages\/116\/revisions"}],"predecessor-version":[{"id":259,"href":"https:\/\/www.svp-matten.ch\/index.php\/wp-json\/wp\/v2\/pages\/116\/revisions\/259"}],"wp:attachment":[{"href":"https:\/\/www.svp-matten.ch\/index.php\/wp-json\/wp\/v2\/media?parent=116"}],"curies":[{"name":"wp","href":"https:\/\/api.w.org\/{rel}","templated":true}]}}